{"id":447,"date":"2015-07-07T18:57:21","date_gmt":"2015-07-07T22:57:21","guid":{"rendered":"http:\/\/dolla.jplaverdure.ca\/fr\/real-estate-partners\/"},"modified":"2025-11-17T17:33:15","modified_gmt":"2025-11-17T22:33:15","slug":"partenaires-immobiliers","status":"publish","type":"page","link":"https:\/\/stg.dollarama.com\/fr\/partenaires-immobiliers","title":{"rendered":"Partenaires immobiliers"},"content":{"rendered":"<p>Nous sommes continuellement \u00e0 la recherche de locaux existants ou de nouveaux projets. Nous sommes fiers de toujours pouvoir trouver des solutions cr\u00e9atives pour mener \u00e0 bien toute transaction.<\/p>\n<p>Nous sommes en affaire dans le domaine des magasins \u00e0 un dollar depuis 1992 et avons ouvert notre premier magasin de commerce de d\u00e9tail au d\u00e9but des ann\u00e9es 1900. Nos magasins, \u00e9tablis dans les 10 provinces et 2 territoires du Canada, sont tous exploit\u00e9s par l\u2019entreprise.<\/p>\n","protected":false},"excerpt":{"rendered":"<p>Nous sommes continuellement \u00e0 la recherche de locaux existants ou de nouveaux projets. Nous sommes fiers de toujours pouvoir trouver des solutions cr\u00e9atives pour mener \u00e0 bien toute transaction. Nous sommes en affaire dans le domaine des magasins \u00e0 un dollar depuis 1992 et avons ouvert notre premier magasin de commerce de d\u00e9tail au d\u00e9but [&hellip;]<\/p>\n","protected":false},"author":1,"featured_media":0,"parent":0,"menu_order":5,"comment_status":"closed","ping_status":"closed","template":"template-real_estate.php","meta":{"footnotes":""},"class_list":["post-447","page","type-page","status-publish","hentry"],"yoast_head":"<!-- This site is optimized with the Yoast SEO plugin v26.2 - https:\/\/yoast.com\/wordpress\/plugins\/seo\/ -->\n<title>Partenaires immobiliers - Dollarama<\/title>\n<meta name=\"description\" content=\"Trouvez toute l&#039;information n\u00e9cessaire pour devenir un partenaire immobilier telle que la taille minimale des espaces ou la disponibilit\u00e9 de stationnement.\" \/>\n<meta name=\"robots\" content=\"index, follow, max-image-preview:large, max-snippet:-1, max-video-preview:-1\" \/>\n<link rel=\"canonical\" href=\"https:\/\/stg.dollarama.com\/fr\/partenaires-immobiliers\" \/>\n<meta property=\"og:locale\" content=\"fr_CA\" \/>\n<meta property=\"og:type\" content=\"article\" \/>\n<meta property=\"og:title\" content=\"Partenaires immobiliers - Dollarama\" \/>\n<meta property=\"og:description\" content=\"Trouvez toute l&#039;information n\u00e9cessaire pour devenir un partenaire immobilier telle que la taille minimale des espaces ou la disponibilit\u00e9 de stationnement.\" \/>\n<meta property=\"og:url\" content=\"https:\/\/stg.dollarama.com\/fr\/partenaires-immobiliers\" \/>\n<meta property=\"og:site_name\" content=\"Dollarama\" \/>\n<meta property=\"article:modified_time\" content=\"2025-11-17T22:33:15+00:00\" \/>\n<meta name=\"twitter:card\" content=\"summary_large_image\" \/>\n<meta name=\"twitter:label1\" content=\"Estimation du temps de lecture\" \/>\n\t<meta name=\"twitter:data1\" content=\"1 minute\" \/>\n<script type=\"application\/ld+json\" class=\"yoast-schema-graph\">{\"@context\":\"https:\/\/schema.org\",\"@graph\":[{\"@type\":\"WebPage\",\"@id\":\"https:\/\/stg.dollarama.com\/fr\/partenaires-immobiliers\",\"url\":\"https:\/\/stg.dollarama.com\/fr\/partenaires-immobiliers\",\"name\":\"Partenaires immobiliers - Dollarama\",\"isPartOf\":{\"@id\":\"https:\/\/stg.dollarama.com\/#website\"},\"datePublished\":\"2015-07-07T22:57:21+00:00\",\"dateModified\":\"2025-11-17T22:33:15+00:00\",\"description\":\"Trouvez toute l'information n\u00e9cessaire pour devenir un partenaire immobilier telle que la taille minimale des espaces ou la disponibilit\u00e9 de stationnement.\",\"breadcrumb\":{\"@id\":\"https:\/\/stg.dollarama.com\/fr\/partenaires-immobiliers#breadcrumb\"},\"inLanguage\":\"fr-CA\",\"potentialAction\":[{\"@type\":\"ReadAction\",\"target\":[\"https:\/\/stg.dollarama.com\/fr\/partenaires-immobiliers\"]}]},{\"@type\":\"BreadcrumbList\",\"@id\":\"https:\/\/stg.dollarama.com\/fr\/partenaires-immobiliers#breadcrumb\",\"itemListElement\":[{\"@type\":\"ListItem\",\"position\":1,\"name\":\"Home\",\"item\":\"https:\/\/stg.dollarama.com\/fr\"},{\"@type\":\"ListItem\",\"position\":2,\"name\":\"Partenaires immobiliers\"}]},{\"@type\":\"WebSite\",\"@id\":\"https:\/\/stg.dollarama.com\/#website\",\"url\":\"https:\/\/stg.dollarama.com\/\",\"name\":\"Dollarama\",\"description\":\"Site Corporatif Dollarama\",\"potentialAction\":[{\"@type\":\"SearchAction\",\"target\":{\"@type\":\"EntryPoint\",\"urlTemplate\":\"https:\/\/stg.dollarama.com\/?s={search_term_string}\"},\"query-input\":{\"@type\":\"PropertyValueSpecification\",\"valueRequired\":true,\"valueName\":\"search_term_string\"}}],\"inLanguage\":\"fr-CA\"}]}<\/script>\n<!-- \/ Yoast SEO plugin. -->","yoast_head_json":{"title":"Partenaires immobiliers - Dollarama","description":"Trouvez toute l'information n\u00e9cessaire pour devenir un partenaire immobilier telle que la taille minimale des espaces ou la disponibilit\u00e9 de stationnement.","robots":{"index":"index","follow":"follow","max-image-preview":"max-image-preview:large","max-snippet":"max-snippet:-1","max-video-preview":"max-video-preview:-1"},"canonical":"https:\/\/stg.dollarama.com\/fr\/partenaires-immobiliers","og_locale":"fr_CA","og_type":"article","og_title":"Partenaires immobiliers - Dollarama","og_description":"Trouvez toute l'information n\u00e9cessaire pour devenir un partenaire immobilier telle que la taille minimale des espaces ou la disponibilit\u00e9 de stationnement.","og_url":"https:\/\/stg.dollarama.com\/fr\/partenaires-immobiliers","og_site_name":"Dollarama","article_modified_time":"2025-11-17T22:33:15+00:00","twitter_card":"summary_large_image","twitter_misc":{"Estimation du temps de lecture":"1 minute"},"schema":{"@context":"https:\/\/schema.org","@graph":[{"@type":"WebPage","@id":"https:\/\/stg.dollarama.com\/fr\/partenaires-immobiliers","url":"https:\/\/stg.dollarama.com\/fr\/partenaires-immobiliers","name":"Partenaires immobiliers - Dollarama","isPartOf":{"@id":"https:\/\/stg.dollarama.com\/#website"},"datePublished":"2015-07-07T22:57:21+00:00","dateModified":"2025-11-17T22:33:15+00:00","description":"Trouvez toute l'information n\u00e9cessaire pour devenir un partenaire immobilier telle que la taille minimale des espaces ou la disponibilit\u00e9 de stationnement.","breadcrumb":{"@id":"https:\/\/stg.dollarama.com\/fr\/partenaires-immobiliers#breadcrumb"},"inLanguage":"fr-CA","potentialAction":[{"@type":"ReadAction","target":["https:\/\/stg.dollarama.com\/fr\/partenaires-immobiliers"]}]},{"@type":"BreadcrumbList","@id":"https:\/\/stg.dollarama.com\/fr\/partenaires-immobiliers#breadcrumb","itemListElement":[{"@type":"ListItem","position":1,"name":"Home","item":"https:\/\/stg.dollarama.com\/fr"},{"@type":"ListItem","position":2,"name":"Partenaires immobiliers"}]},{"@type":"WebSite","@id":"https:\/\/stg.dollarama.com\/#website","url":"https:\/\/stg.dollarama.com\/","name":"Dollarama","description":"Site Corporatif Dollarama","potentialAction":[{"@type":"SearchAction","target":{"@type":"EntryPoint","urlTemplate":"https:\/\/stg.dollarama.com\/?s={search_term_string}"},"query-input":{"@type":"PropertyValueSpecification","valueRequired":true,"valueName":"search_term_string"}}],"inLanguage":"fr-CA"}]}},"_links":{"self":[{"href":"https:\/\/stg.dollarama.com\/fr\/wp-json\/wp\/v2\/pages\/447","targetHints":{"allow":["GET"]}}],"collection":[{"href":"https:\/\/stg.dollarama.com\/fr\/wp-json\/wp\/v2\/pages"}],"about":[{"href":"https:\/\/stg.dollarama.com\/fr\/wp-json\/wp\/v2\/types\/page"}],"author":[{"embeddable":true,"href":"https:\/\/stg.dollarama.com\/fr\/wp-json\/wp\/v2\/users\/1"}],"replies":[{"embeddable":true,"href":"https:\/\/stg.dollarama.com\/fr\/wp-json\/wp\/v2\/comments?post=447"}],"version-history":[{"count":4,"href":"https:\/\/stg.dollarama.com\/fr\/wp-json\/wp\/v2\/pages\/447\/revisions"}],"predecessor-version":[{"id":5431,"href":"https:\/\/stg.dollarama.com\/fr\/wp-json\/wp\/v2\/pages\/447\/revisions\/5431"}],"wp:attachment":[{"href":"https:\/\/stg.dollarama.com\/fr\/wp-json\/wp\/v2\/media?parent=447"}],"curies":[{"name":"wp","href":"https:\/\/api.w.org\/{rel}","templated":true}]}}