{"id":424,"date":"2016-03-08T19:51:41","date_gmt":"2016-03-09T00:51:41","guid":{"rendered":"http:\/\/dolla.jplaverdure.ca\/fr\/?page_id=424"},"modified":"2025-09-26T10:07:06","modified_gmt":"2025-09-26T14:07:06","slug":"a-propos-de-nous","status":"publish","type":"page","link":"https:\/\/stg.dollarama.com\/fr\/a-propos-de-nous","title":{"rendered":"\u00c0 propos de Dollarama"},"content":{"rendered":"<p>Dollarama a \u00e9t\u00e9 fond\u00e9e par l\u2019entrepreneur canadien Larry Rossy, repr\u00e9sentant de la troisi\u00e8me g\u00e9n\u00e9ration d\u2019une famille de d\u00e9taillants. Tout a commenc\u00e9 en 1992 par un premier magasin situ\u00e9 \u00e0 Matane, au Qu\u00e9bec. Puis, l\u2019entreprise a connu une croissance rapide au cours des vingt ann\u00e9es suivantes et est devenue une r\u00e9f\u00e9rence pour les m\u00e9nages canadiens et une destination de magasinage de choix d\u2019un bout \u00e0 l\u2019autre du pays.<\/p>\n<p>Dollarama est d\u00e9sormais un d\u00e9taillant \u00e0 bas prix reconnu au Canada ayant une port\u00e9e internationale avec plus de 2 700 magasins et 41 000 employ\u00e9s qui servent la client\u00e8le sur trois continents et dans sept pays. L\u2019entreprise est dirig\u00e9e par Neil Rossy, d\u00e9taillant de quatri\u00e8me g\u00e9n\u00e9ration et membre de l\u2019\u00e9quipe de direction fondatrice de Dollarama.<\/p>\n<p>Dollarama vise \u00e0 offrir \u00e0 ses clients une exp\u00e9rience de magasinage homog\u00e8ne et une valeur attrayante, en proposant un vaste \u00e9ventail de marchandises g\u00e9n\u00e9rales, de produits consommables et d\u2019articles saisonniers. Tous les magasins sont d\u00e9tenus et exploit\u00e9s par Dollarama et sont bien situ\u00e9s, que ce soit dans des r\u00e9gions m\u00e9tropolitaines, dans des villes de taille moyenne ou dans des petites villes. Les produits sont vendus individuellement ou en lots, \u00e0 des bas prix fixes.<\/p>\n<div id=\"gtx-trans\" style=\"position: absolute; left: -3px; top: 88px;\">\n<div class=\"gtx-trans-icon\"><\/div>\n<\/div>\n","protected":false},"excerpt":{"rendered":"<p>Dollarama a \u00e9t\u00e9 fond\u00e9e par l\u2019entrepreneur canadien Larry Rossy, repr\u00e9sentant de la troisi\u00e8me g\u00e9n\u00e9ration d\u2019une famille de d\u00e9taillants. Tout a commenc\u00e9 en 1992 par un premier magasin situ\u00e9 \u00e0 Matane, au Qu\u00e9bec. Puis, l\u2019entreprise a connu une croissance rapide au cours des vingt ann\u00e9es suivantes et est devenue une r\u00e9f\u00e9rence pour les m\u00e9nages canadiens et [&hellip;]<\/p>\n","protected":false},"author":2,"featured_media":0,"parent":0,"menu_order":1,"comment_status":"closed","ping_status":"closed","template":"template-about.php","meta":{"footnotes":""},"class_list":["post-424","page","type-page","status-publish","hentry"],"yoast_head":"<!-- This site is optimized with the Yoast SEO plugin v26.2 - https:\/\/yoast.com\/wordpress\/plugins\/seo\/ -->\n<title>\u00c0 propos de Dollarama - Dollarama<\/title>\n<meta name=\"description\" content=\"Apprenez-en plus sur l&#039;histoire et les origines de la compagnie.\" \/>\n<meta name=\"robots\" content=\"index, follow, max-image-preview:large, max-snippet:-1, max-video-preview:-1\" \/>\n<link rel=\"canonical\" href=\"https:\/\/stg.dollarama.com\/fr\/a-propos-de-nous\" \/>\n<meta property=\"og:locale\" content=\"fr_CA\" \/>\n<meta property=\"og:type\" content=\"article\" \/>\n<meta property=\"og:title\" content=\"\u00c0 propos de Dollarama - Dollarama\" \/>\n<meta property=\"og:description\" content=\"Apprenez-en plus sur l&#039;histoire et les origines de la compagnie.\" \/>\n<meta property=\"og:url\" content=\"https:\/\/stg.dollarama.com\/fr\/a-propos-de-nous\" \/>\n<meta property=\"og:site_name\" content=\"Dollarama\" \/>\n<meta property=\"article:modified_time\" content=\"2025-09-26T14:07:06+00:00\" \/>\n<meta name=\"twitter:card\" content=\"summary_large_image\" \/>\n<meta name=\"twitter:label1\" content=\"Estimation du temps de lecture\" \/>\n\t<meta name=\"twitter:data1\" content=\"1 minute\" \/>\n<script type=\"application\/ld+json\" class=\"yoast-schema-graph\">{\"@context\":\"https:\/\/schema.org\",\"@graph\":[{\"@type\":\"WebPage\",\"@id\":\"https:\/\/stg.dollarama.com\/fr\/a-propos-de-nous\",\"url\":\"https:\/\/stg.dollarama.com\/fr\/a-propos-de-nous\",\"name\":\"\u00c0 propos de Dollarama - Dollarama\",\"isPartOf\":{\"@id\":\"https:\/\/stg.dollarama.com\/#website\"},\"datePublished\":\"2016-03-09T00:51:41+00:00\",\"dateModified\":\"2025-09-26T14:07:06+00:00\",\"description\":\"Apprenez-en plus sur l'histoire et les origines de la compagnie.\",\"breadcrumb\":{\"@id\":\"https:\/\/stg.dollarama.com\/fr\/a-propos-de-nous#breadcrumb\"},\"inLanguage\":\"fr-CA\",\"potentialAction\":[{\"@type\":\"ReadAction\",\"target\":[\"https:\/\/stg.dollarama.com\/fr\/a-propos-de-nous\"]}]},{\"@type\":\"BreadcrumbList\",\"@id\":\"https:\/\/stg.dollarama.com\/fr\/a-propos-de-nous#breadcrumb\",\"itemListElement\":[{\"@type\":\"ListItem\",\"position\":1,\"name\":\"Home\",\"item\":\"https:\/\/stg.dollarama.com\/fr\"},{\"@type\":\"ListItem\",\"position\":2,\"name\":\"\u00c0 propos de Dollarama\"}]},{\"@type\":\"WebSite\",\"@id\":\"https:\/\/stg.dollarama.com\/#website\",\"url\":\"https:\/\/stg.dollarama.com\/\",\"name\":\"Dollarama\",\"description\":\"Site Corporatif Dollarama\",\"potentialAction\":[{\"@type\":\"SearchAction\",\"target\":{\"@type\":\"EntryPoint\",\"urlTemplate\":\"https:\/\/stg.dollarama.com\/?s={search_term_string}\"},\"query-input\":{\"@type\":\"PropertyValueSpecification\",\"valueRequired\":true,\"valueName\":\"search_term_string\"}}],\"inLanguage\":\"fr-CA\"}]}<\/script>\n<!-- \/ Yoast SEO plugin. -->","yoast_head_json":{"title":"\u00c0 propos de Dollarama - Dollarama","description":"Apprenez-en plus sur l'histoire et les origines de la compagnie.","robots":{"index":"index","follow":"follow","max-image-preview":"max-image-preview:large","max-snippet":"max-snippet:-1","max-video-preview":"max-video-preview:-1"},"canonical":"https:\/\/stg.dollarama.com\/fr\/a-propos-de-nous","og_locale":"fr_CA","og_type":"article","og_title":"\u00c0 propos de Dollarama - Dollarama","og_description":"Apprenez-en plus sur l'histoire et les origines de la compagnie.","og_url":"https:\/\/stg.dollarama.com\/fr\/a-propos-de-nous","og_site_name":"Dollarama","article_modified_time":"2025-09-26T14:07:06+00:00","twitter_card":"summary_large_image","twitter_misc":{"Estimation du temps de lecture":"1 minute"},"schema":{"@context":"https:\/\/schema.org","@graph":[{"@type":"WebPage","@id":"https:\/\/stg.dollarama.com\/fr\/a-propos-de-nous","url":"https:\/\/stg.dollarama.com\/fr\/a-propos-de-nous","name":"\u00c0 propos de Dollarama - Dollarama","isPartOf":{"@id":"https:\/\/stg.dollarama.com\/#website"},"datePublished":"2016-03-09T00:51:41+00:00","dateModified":"2025-09-26T14:07:06+00:00","description":"Apprenez-en plus sur l'histoire et les origines de la compagnie.","breadcrumb":{"@id":"https:\/\/stg.dollarama.com\/fr\/a-propos-de-nous#breadcrumb"},"inLanguage":"fr-CA","potentialAction":[{"@type":"ReadAction","target":["https:\/\/stg.dollarama.com\/fr\/a-propos-de-nous"]}]},{"@type":"BreadcrumbList","@id":"https:\/\/stg.dollarama.com\/fr\/a-propos-de-nous#breadcrumb","itemListElement":[{"@type":"ListItem","position":1,"name":"Home","item":"https:\/\/stg.dollarama.com\/fr"},{"@type":"ListItem","position":2,"name":"\u00c0 propos de Dollarama"}]},{"@type":"WebSite","@id":"https:\/\/stg.dollarama.com\/#website","url":"https:\/\/stg.dollarama.com\/","name":"Dollarama","description":"Site Corporatif Dollarama","potentialAction":[{"@type":"SearchAction","target":{"@type":"EntryPoint","urlTemplate":"https:\/\/stg.dollarama.com\/?s={search_term_string}"},"query-input":{"@type":"PropertyValueSpecification","valueRequired":true,"valueName":"search_term_string"}}],"inLanguage":"fr-CA"}]}},"_links":{"self":[{"href":"https:\/\/stg.dollarama.com\/fr\/wp-json\/wp\/v2\/pages\/424","targetHints":{"allow":["GET"]}}],"collection":[{"href":"https:\/\/stg.dollarama.com\/fr\/wp-json\/wp\/v2\/pages"}],"about":[{"href":"https:\/\/stg.dollarama.com\/fr\/wp-json\/wp\/v2\/types\/page"}],"author":[{"embeddable":true,"href":"https:\/\/stg.dollarama.com\/fr\/wp-json\/wp\/v2\/users\/2"}],"replies":[{"embeddable":true,"href":"https:\/\/stg.dollarama.com\/fr\/wp-json\/wp\/v2\/comments?post=424"}],"version-history":[{"count":8,"href":"https:\/\/stg.dollarama.com\/fr\/wp-json\/wp\/v2\/pages\/424\/revisions"}],"predecessor-version":[{"id":5636,"href":"https:\/\/stg.dollarama.com\/fr\/wp-json\/wp\/v2\/pages\/424\/revisions\/5636"}],"wp:attachment":[{"href":"https:\/\/stg.dollarama.com\/fr\/wp-json\/wp\/v2\/media?parent=424"}],"curies":[{"name":"wp","href":"https:\/\/api.w.org\/{rel}","templated":true}]}}