{"id":413,"date":"2016-03-08T19:30:42","date_gmt":"2016-03-09T00:30:42","guid":{"rendered":"http:\/\/dolla.jplaverdure.ca\/fr\/?page_id=413"},"modified":"2025-10-02T16:16:16","modified_gmt":"2025-10-02T20:16:16","slug":"information-boursiere","status":"publish","type":"page","link":"https:\/\/stg.dollarama.com\/fr\/information-boursiere","title":{"rendered":"Information boursi\u00e8re"},"content":{"rendered":"","protected":false},"excerpt":{"rendered":"","protected":false},"author":2,"featured_media":0,"parent":0,"menu_order":0,"comment_status":"closed","ping_status":"closed","template":"template-stock.php","meta":{"footnotes":""},"class_list":["post-413","page","type-page","status-publish","hentry"],"yoast_head":"<!-- This site is optimized with the Yoast SEO plugin v26.2 - https:\/\/yoast.com\/wordpress\/plugins\/seo\/ -->\n<title>Information boursi\u00e8re - Dollarama<\/title>\n<meta name=\"description\" content=\"Trouvez toute l&#039;information boursi\u00e8re dont vous avez besoin et ajoutez Dollarama \u00e0 votre portfolio d&#039;investisseur.\" \/>\n<meta name=\"robots\" content=\"index, follow, max-image-preview:large, max-snippet:-1, max-video-preview:-1\" \/>\n<link rel=\"canonical\" href=\"https:\/\/stg.dollarama.com\/fr\/information-boursiere\" \/>\n<meta property=\"og:locale\" content=\"fr_CA\" \/>\n<meta property=\"og:type\" content=\"article\" \/>\n<meta property=\"og:title\" content=\"Information boursi\u00e8re - Dollarama\" \/>\n<meta property=\"og:description\" content=\"Trouvez toute l&#039;information boursi\u00e8re dont vous avez besoin et ajoutez Dollarama \u00e0 votre portfolio d&#039;investisseur.\" \/>\n<meta property=\"og:url\" content=\"https:\/\/stg.dollarama.com\/fr\/information-boursiere\" \/>\n<meta property=\"og:site_name\" content=\"Dollarama\" \/>\n<meta property=\"article:modified_time\" content=\"2025-10-02T20:16:16+00:00\" \/>\n<meta name=\"twitter:card\" content=\"summary_large_image\" \/>\n<script type=\"application\/ld+json\" class=\"yoast-schema-graph\">{\"@context\":\"https:\/\/schema.org\",\"@graph\":[{\"@type\":\"WebPage\",\"@id\":\"https:\/\/stg.dollarama.com\/fr\/information-boursiere\",\"url\":\"https:\/\/stg.dollarama.com\/fr\/information-boursiere\",\"name\":\"Information boursi\u00e8re - Dollarama\",\"isPartOf\":{\"@id\":\"https:\/\/stg.dollarama.com\/#website\"},\"datePublished\":\"2016-03-09T00:30:42+00:00\",\"dateModified\":\"2025-10-02T20:16:16+00:00\",\"description\":\"Trouvez toute l'information boursi\u00e8re dont vous avez besoin et ajoutez Dollarama \u00e0 votre portfolio d'investisseur.\",\"breadcrumb\":{\"@id\":\"https:\/\/stg.dollarama.com\/fr\/information-boursiere#breadcrumb\"},\"inLanguage\":\"fr-CA\",\"potentialAction\":[{\"@type\":\"ReadAction\",\"target\":[\"https:\/\/stg.dollarama.com\/fr\/information-boursiere\"]}]},{\"@type\":\"BreadcrumbList\",\"@id\":\"https:\/\/stg.dollarama.com\/fr\/information-boursiere#breadcrumb\",\"itemListElement\":[{\"@type\":\"ListItem\",\"position\":1,\"name\":\"Home\",\"item\":\"https:\/\/stg.dollarama.com\/fr\"},{\"@type\":\"ListItem\",\"position\":2,\"name\":\"Information boursi\u00e8re\"}]},{\"@type\":\"WebSite\",\"@id\":\"https:\/\/stg.dollarama.com\/#website\",\"url\":\"https:\/\/stg.dollarama.com\/\",\"name\":\"Dollarama\",\"description\":\"Site Corporatif Dollarama\",\"potentialAction\":[{\"@type\":\"SearchAction\",\"target\":{\"@type\":\"EntryPoint\",\"urlTemplate\":\"https:\/\/stg.dollarama.com\/?s={search_term_string}\"},\"query-input\":{\"@type\":\"PropertyValueSpecification\",\"valueRequired\":true,\"valueName\":\"search_term_string\"}}],\"inLanguage\":\"fr-CA\"}]}<\/script>\n<!-- \/ Yoast SEO plugin. -->","yoast_head_json":{"title":"Information boursi\u00e8re - Dollarama","description":"Trouvez toute l'information boursi\u00e8re dont vous avez besoin et ajoutez Dollarama \u00e0 votre portfolio d'investisseur.","robots":{"index":"index","follow":"follow","max-image-preview":"max-image-preview:large","max-snippet":"max-snippet:-1","max-video-preview":"max-video-preview:-1"},"canonical":"https:\/\/stg.dollarama.com\/fr\/information-boursiere","og_locale":"fr_CA","og_type":"article","og_title":"Information boursi\u00e8re - Dollarama","og_description":"Trouvez toute l'information boursi\u00e8re dont vous avez besoin et ajoutez Dollarama \u00e0 votre portfolio d'investisseur.","og_url":"https:\/\/stg.dollarama.com\/fr\/information-boursiere","og_site_name":"Dollarama","article_modified_time":"2025-10-02T20:16:16+00:00","twitter_card":"summary_large_image","schema":{"@context":"https:\/\/schema.org","@graph":[{"@type":"WebPage","@id":"https:\/\/stg.dollarama.com\/fr\/information-boursiere","url":"https:\/\/stg.dollarama.com\/fr\/information-boursiere","name":"Information boursi\u00e8re - Dollarama","isPartOf":{"@id":"https:\/\/stg.dollarama.com\/#website"},"datePublished":"2016-03-09T00:30:42+00:00","dateModified":"2025-10-02T20:16:16+00:00","description":"Trouvez toute l'information boursi\u00e8re dont vous avez besoin et ajoutez Dollarama \u00e0 votre portfolio d'investisseur.","breadcrumb":{"@id":"https:\/\/stg.dollarama.com\/fr\/information-boursiere#breadcrumb"},"inLanguage":"fr-CA","potentialAction":[{"@type":"ReadAction","target":["https:\/\/stg.dollarama.com\/fr\/information-boursiere"]}]},{"@type":"BreadcrumbList","@id":"https:\/\/stg.dollarama.com\/fr\/information-boursiere#breadcrumb","itemListElement":[{"@type":"ListItem","position":1,"name":"Home","item":"https:\/\/stg.dollarama.com\/fr"},{"@type":"ListItem","position":2,"name":"Information boursi\u00e8re"}]},{"@type":"WebSite","@id":"https:\/\/stg.dollarama.com\/#website","url":"https:\/\/stg.dollarama.com\/","name":"Dollarama","description":"Site Corporatif Dollarama","potentialAction":[{"@type":"SearchAction","target":{"@type":"EntryPoint","urlTemplate":"https:\/\/stg.dollarama.com\/?s={search_term_string}"},"query-input":{"@type":"PropertyValueSpecification","valueRequired":true,"valueName":"search_term_string"}}],"inLanguage":"fr-CA"}]}},"_links":{"self":[{"href":"https:\/\/stg.dollarama.com\/fr\/wp-json\/wp\/v2\/pages\/413","targetHints":{"allow":["GET"]}}],"collection":[{"href":"https:\/\/stg.dollarama.com\/fr\/wp-json\/wp\/v2\/pages"}],"about":[{"href":"https:\/\/stg.dollarama.com\/fr\/wp-json\/wp\/v2\/types\/page"}],"author":[{"embeddable":true,"href":"https:\/\/stg.dollarama.com\/fr\/wp-json\/wp\/v2\/users\/2"}],"replies":[{"embeddable":true,"href":"https:\/\/stg.dollarama.com\/fr\/wp-json\/wp\/v2\/comments?post=413"}],"version-history":[{"count":7,"href":"https:\/\/stg.dollarama.com\/fr\/wp-json\/wp\/v2\/pages\/413\/revisions"}],"predecessor-version":[{"id":1514,"href":"https:\/\/stg.dollarama.com\/fr\/wp-json\/wp\/v2\/pages\/413\/revisions\/1514"}],"wp:attachment":[{"href":"https:\/\/stg.dollarama.com\/fr\/wp-json\/wp\/v2\/media?parent=413"}],"curies":[{"name":"wp","href":"https:\/\/api.w.org\/{rel}","templated":true}]}}