{"id":3388,"date":"2021-06-08T21:07:22","date_gmt":"2021-06-09T01:07:22","guid":{"rendered":"http:\/\/stg.dollarama.com\/?page_id=3388"},"modified":"2025-10-31T10:05:18","modified_gmt":"2025-10-31T14:05:18","slug":"developpement-durable","status":"publish","type":"page","link":"https:\/\/stg.dollarama.com\/fr\/developpement-durable","title":{"rendered":"D\u00e9veloppement durable"},"content":{"rendered":"<p>Notre engagement \u00e0 \u00eatre un d\u00e9taillant responsable et \u00e0 b\u00e2tir une entreprise durable est guid\u00e9 par une raison d\u2019\u00eatre claire : fournir aux Canadiens de tous les horizons une valeur et une qualit\u00e9 sup\u00e9rieures, ainsi que la proximit\u00e9 et l\u2019accessibilit\u00e9 \u00e0 des produits d\u2019usage courant \u00e0 prix abordables.<\/p>\n","protected":false},"excerpt":{"rendered":"<p>Notre engagement \u00e0 \u00eatre un d\u00e9taillant responsable et \u00e0 b\u00e2tir une entreprise durable est guid\u00e9 par une raison d\u2019\u00eatre claire : fournir aux Canadiens de tous les horizons une valeur et une qualit\u00e9 sup\u00e9rieures, ainsi que la proximit\u00e9 et l\u2019accessibilit\u00e9 \u00e0 des produits d\u2019usage courant \u00e0 prix abordables.<\/p>\n","protected":false},"author":2,"featured_media":0,"parent":0,"menu_order":0,"comment_status":"closed","ping_status":"closed","template":"template-sustainability.php","meta":{"footnotes":""},"class_list":["post-3388","page","type-page","status-publish","hentry"],"yoast_head":"<!-- This site is optimized with the Yoast SEO plugin v26.2 - https:\/\/yoast.com\/wordpress\/plugins\/seo\/ -->\n<title>D\u00e9veloppement durable - Dollarama<\/title>\n<meta name=\"robots\" content=\"index, follow, max-image-preview:large, max-snippet:-1, max-video-preview:-1\" \/>\n<link rel=\"canonical\" href=\"https:\/\/stg.dollarama.com\/fr\/developpement-durable\" \/>\n<meta property=\"og:locale\" content=\"fr_CA\" \/>\n<meta property=\"og:type\" content=\"article\" \/>\n<meta property=\"og:title\" content=\"D\u00e9veloppement durable - Dollarama\" \/>\n<meta property=\"og:description\" content=\"Notre engagement \u00e0 \u00eatre un d\u00e9taillant responsable et \u00e0 b\u00e2tir une entreprise durable est guid\u00e9 par une raison d\u2019\u00eatre claire : fournir aux Canadiens de tous les horizons une valeur et une qualit\u00e9 sup\u00e9rieures, ainsi que la proximit\u00e9 et l\u2019accessibilit\u00e9 \u00e0 des produits d\u2019usage courant \u00e0 prix abordables.\" \/>\n<meta property=\"og:url\" content=\"https:\/\/stg.dollarama.com\/fr\/developpement-durable\" \/>\n<meta property=\"og:site_name\" content=\"Dollarama\" \/>\n<meta property=\"article:modified_time\" content=\"2025-10-31T14:05:18+00:00\" \/>\n<meta name=\"twitter:card\" content=\"summary_large_image\" \/>\n<meta name=\"twitter:label1\" content=\"Estimation du temps de lecture\" \/>\n\t<meta name=\"twitter:data1\" content=\"2 minutes\" \/>\n<script type=\"application\/ld+json\" class=\"yoast-schema-graph\">{\"@context\":\"https:\/\/schema.org\",\"@graph\":[{\"@type\":\"WebPage\",\"@id\":\"https:\/\/stg.dollarama.com\/fr\/developpement-durable\",\"url\":\"https:\/\/stg.dollarama.com\/fr\/developpement-durable\",\"name\":\"D\u00e9veloppement durable - Dollarama\",\"isPartOf\":{\"@id\":\"https:\/\/stg.dollarama.com\/#website\"},\"datePublished\":\"2021-06-09T01:07:22+00:00\",\"dateModified\":\"2025-10-31T14:05:18+00:00\",\"breadcrumb\":{\"@id\":\"https:\/\/stg.dollarama.com\/fr\/developpement-durable#breadcrumb\"},\"inLanguage\":\"fr-CA\",\"potentialAction\":[{\"@type\":\"ReadAction\",\"target\":[\"https:\/\/stg.dollarama.com\/fr\/developpement-durable\"]}]},{\"@type\":\"BreadcrumbList\",\"@id\":\"https:\/\/stg.dollarama.com\/fr\/developpement-durable#breadcrumb\",\"itemListElement\":[{\"@type\":\"ListItem\",\"position\":1,\"name\":\"Home\",\"item\":\"https:\/\/stg.dollarama.com\/fr\"},{\"@type\":\"ListItem\",\"position\":2,\"name\":\"D\u00e9veloppement durable\"}]},{\"@type\":\"WebSite\",\"@id\":\"https:\/\/stg.dollarama.com\/#website\",\"url\":\"https:\/\/stg.dollarama.com\/\",\"name\":\"Dollarama\",\"description\":\"Site Corporatif Dollarama\",\"potentialAction\":[{\"@type\":\"SearchAction\",\"target\":{\"@type\":\"EntryPoint\",\"urlTemplate\":\"https:\/\/stg.dollarama.com\/?s={search_term_string}\"},\"query-input\":{\"@type\":\"PropertyValueSpecification\",\"valueRequired\":true,\"valueName\":\"search_term_string\"}}],\"inLanguage\":\"fr-CA\"}]}<\/script>\n<!-- \/ Yoast SEO plugin. -->","yoast_head_json":{"title":"D\u00e9veloppement durable - Dollarama","robots":{"index":"index","follow":"follow","max-image-preview":"max-image-preview:large","max-snippet":"max-snippet:-1","max-video-preview":"max-video-preview:-1"},"canonical":"https:\/\/stg.dollarama.com\/fr\/developpement-durable","og_locale":"fr_CA","og_type":"article","og_title":"D\u00e9veloppement durable - Dollarama","og_description":"Notre engagement \u00e0 \u00eatre un d\u00e9taillant responsable et \u00e0 b\u00e2tir une entreprise durable est guid\u00e9 par une raison d\u2019\u00eatre claire : fournir aux Canadiens de tous les horizons une valeur et une qualit\u00e9 sup\u00e9rieures, ainsi que la proximit\u00e9 et l\u2019accessibilit\u00e9 \u00e0 des produits d\u2019usage courant \u00e0 prix abordables.","og_url":"https:\/\/stg.dollarama.com\/fr\/developpement-durable","og_site_name":"Dollarama","article_modified_time":"2025-10-31T14:05:18+00:00","twitter_card":"summary_large_image","twitter_misc":{"Estimation du temps de lecture":"2 minutes"},"schema":{"@context":"https:\/\/schema.org","@graph":[{"@type":"WebPage","@id":"https:\/\/stg.dollarama.com\/fr\/developpement-durable","url":"https:\/\/stg.dollarama.com\/fr\/developpement-durable","name":"D\u00e9veloppement durable - Dollarama","isPartOf":{"@id":"https:\/\/stg.dollarama.com\/#website"},"datePublished":"2021-06-09T01:07:22+00:00","dateModified":"2025-10-31T14:05:18+00:00","breadcrumb":{"@id":"https:\/\/stg.dollarama.com\/fr\/developpement-durable#breadcrumb"},"inLanguage":"fr-CA","potentialAction":[{"@type":"ReadAction","target":["https:\/\/stg.dollarama.com\/fr\/developpement-durable"]}]},{"@type":"BreadcrumbList","@id":"https:\/\/stg.dollarama.com\/fr\/developpement-durable#breadcrumb","itemListElement":[{"@type":"ListItem","position":1,"name":"Home","item":"https:\/\/stg.dollarama.com\/fr"},{"@type":"ListItem","position":2,"name":"D\u00e9veloppement durable"}]},{"@type":"WebSite","@id":"https:\/\/stg.dollarama.com\/#website","url":"https:\/\/stg.dollarama.com\/","name":"Dollarama","description":"Site Corporatif Dollarama","potentialAction":[{"@type":"SearchAction","target":{"@type":"EntryPoint","urlTemplate":"https:\/\/stg.dollarama.com\/?s={search_term_string}"},"query-input":{"@type":"PropertyValueSpecification","valueRequired":true,"valueName":"search_term_string"}}],"inLanguage":"fr-CA"}]}},"_links":{"self":[{"href":"https:\/\/stg.dollarama.com\/fr\/wp-json\/wp\/v2\/pages\/3388","targetHints":{"allow":["GET"]}}],"collection":[{"href":"https:\/\/stg.dollarama.com\/fr\/wp-json\/wp\/v2\/pages"}],"about":[{"href":"https:\/\/stg.dollarama.com\/fr\/wp-json\/wp\/v2\/types\/page"}],"author":[{"embeddable":true,"href":"https:\/\/stg.dollarama.com\/fr\/wp-json\/wp\/v2\/users\/2"}],"replies":[{"embeddable":true,"href":"https:\/\/stg.dollarama.com\/fr\/wp-json\/wp\/v2\/comments?post=3388"}],"version-history":[{"count":1,"href":"https:\/\/stg.dollarama.com\/fr\/wp-json\/wp\/v2\/pages\/3388\/revisions"}],"predecessor-version":[{"id":3389,"href":"https:\/\/stg.dollarama.com\/fr\/wp-json\/wp\/v2\/pages\/3388\/revisions\/3389"}],"wp:attachment":[{"href":"https:\/\/stg.dollarama.com\/fr\/wp-json\/wp\/v2\/media?parent=3388"}],"curies":[{"name":"wp","href":"https:\/\/api.w.org\/{rel}","templated":true}]}}